{"id":26965,"date":"2022-11-18T10:50:40","date_gmt":"2022-11-18T07:50:40","guid":{"rendered":"https:\/\/elvon.ro\/?page_id=26965"},"modified":"2022-11-18T11:59:38","modified_gmt":"2022-11-18T08:59:38","slug":"lampi-semnalizare","status":"publish","type":"page","link":"https:\/\/elvon.ro\/en\/lampi-semnalizare\/","title":{"rendered":"Signaling lamps"},"content":{"rendered":"<div data-elementor-type=\"wp-post\" data-elementor-id=\"26965\" class=\"elementor elementor-26965\">\n\t\t\t\t\t\t<section class=\"elementor-section elementor-top-section elementor-element elementor-element-700f0ea3 elementor-section-boxed elementor-section-height-default elementor-section-height-default\" data-id=\"700f0ea3\" data-element_type=\"section\" data-e-type=\"section\">\n\t\t\t\t\t\t<div class=\"elementor-container elementor-column-gap-default\">\n\t\t\t\t\t<div class=\"elementor-column elementor-col-100 elementor-top-column elementor-element elementor-element-39d8ff41\" data-id=\"39d8ff41\" data-element_type=\"column\" data-e-type=\"column\">\n\t\t\t<div class=\"elementor-widget-wrap elementor-element-populated\">\n\t\t\t\t\t\t<div class=\"elementor-element elementor-element-37843619 elementor-widget elementor-widget-text-editor\" data-id=\"37843619\" data-element_type=\"widget\" data-e-type=\"widget\" data-widget_type=\"text-editor.default\">\n\t\t\t\t<div class=\"elementor-widget-container\">\n\t\t\t\t\t\t\t\t\t<p>COMANDA SI CONTROL &#8211; LAMPI DE SEMNALIZARE PE SINA DIN<\/p>\t\t\t\t\t\t\t\t<\/div>\n\t\t\t\t<\/div>\n\t\t\t\t\t<\/div>\n\t\t<\/div>\n\t\t\t\t\t<\/div>\n\t\t<\/section>\n\t\t\t\t<section class=\"elementor-section elementor-top-section elementor-element elementor-element-32a95d44 elementor-section-boxed elementor-section-height-default elementor-section-height-default\" data-id=\"32a95d44\" data-element_type=\"section\" data-e-type=\"section\">\n\t\t\t\t\t\t<div class=\"elementor-container elementor-column-gap-default\">\n\t\t\t\t\t<div class=\"elementor-column elementor-col-33 elementor-top-column elementor-element elementor-element-73fd16f5\" data-id=\"73fd16f5\" data-element_type=\"column\" data-e-type=\"column\">\n\t\t\t<div class=\"elementor-widget-wrap elementor-element-populated\">\n\t\t\t\t\t\t<div class=\"elementor-element elementor-element-4e4fcade elementor-widget elementor-widget-image\" data-id=\"4e4fcade\" data-element_type=\"widget\" data-e-type=\"widget\" data-widget_type=\"image.default\">\n\t\t\t\t<div class=\"elementor-widget-container\">\n\t\t\t\t\t\t\t\t\t\t\t\t\t\t\t<img fetchpriority=\"high\" decoding=\"async\" width=\"750\" height=\"473\" src=\"https:\/\/elvon.ro\/wp-content\/uploads\/2022\/11\/lampi-semnalizare-poza-grup-1-768x484.png\" class=\"attachment-medium_large size-medium_large wp-image-26967\" alt=\"\" srcset=\"https:\/\/elvon.ro\/wp-content\/uploads\/2022\/11\/lampi-semnalizare-poza-grup-1-768x484.png 768w, https:\/\/elvon.ro\/wp-content\/uploads\/2022\/11\/lampi-semnalizare-poza-grup-1-300x189.png 300w, https:\/\/elvon.ro\/wp-content\/uploads\/2022\/11\/lampi-semnalizare-poza-grup-1-18x12.png 18w, https:\/\/elvon.ro\/wp-content\/uploads\/2022\/11\/lampi-semnalizare-poza-grup-1.png 1025w\" sizes=\"(max-width: 750px) 100vw, 750px\" \/>\t\t\t\t\t\t\t\t\t\t\t\t\t\t\t<\/div>\n\t\t\t\t<\/div>\n\t\t\t\t\t<\/div>\n\t\t<\/div>\n\t\t\t\t<div class=\"elementor-column elementor-col-66 elementor-top-column elementor-element elementor-element-265a3e6b\" data-id=\"265a3e6b\" data-element_type=\"column\" data-e-type=\"column\">\n\t\t\t<div class=\"elementor-widget-wrap elementor-element-populated\">\n\t\t\t\t\t\t<div class=\"elementor-element elementor-element-1be5f6bb elementor-widget elementor-widget-heading\" data-id=\"1be5f6bb\" data-element_type=\"widget\" data-e-type=\"widget\" data-widget_type=\"heading.default\">\n\t\t\t\t<div class=\"elementor-widget-container\">\n\t\t\t\t\t<h2 class=\"elementor-heading-title elementor-size-default\">Descriere generala<\/h2>\t\t\t\t<\/div>\n\t\t\t\t<\/div>\n\t\t\t\t<div class=\"elementor-element elementor-element-3569286f elementor-widget elementor-widget-heading\" data-id=\"3569286f\" data-element_type=\"widget\" data-e-type=\"widget\" data-widget_type=\"heading.default\">\n\t\t\t\t<div class=\"elementor-widget-container\">\n\t\t\t\t\t<h2 class=\"elementor-heading-title elementor-size-default\">LAMPI DE SEMNALIZARE<\/h2>\t\t\t\t<\/div>\n\t\t\t\t<\/div>\n\t\t\t\t<div class=\"elementor-element elementor-element-63f6e00 elementor-widget elementor-widget-text-editor\" data-id=\"63f6e00\" data-element_type=\"widget\" data-e-type=\"widget\" data-widget_type=\"text-editor.default\">\n\t\t\t\t<div class=\"elementor-widget-container\">\n\t\t\t\t\t\t\t\t\t<p>FUNCTII<\/p><ul><li>Indicator luminos pentru circuite de 230V, 50\/60Hz<\/li><\/ul>\t\t\t\t\t\t\t\t<\/div>\n\t\t\t\t<\/div>\n\t\t\t\t\t<\/div>\n\t\t<\/div>\n\t\t\t\t\t<\/div>\n\t\t<\/section>\n\t\t\t\t<section class=\"elementor-section elementor-top-section elementor-element elementor-element-ec9f718 elementor-section-boxed elementor-section-height-default elementor-section-height-default\" data-id=\"ec9f718\" data-element_type=\"section\" data-e-type=\"section\">\n\t\t\t\t\t\t<div class=\"elementor-container elementor-column-gap-default\">\n\t\t\t\t\t<div class=\"elementor-column elementor-col-100 elementor-top-column elementor-element elementor-element-4e80e881\" data-id=\"4e80e881\" data-element_type=\"column\" data-e-type=\"column\">\n\t\t\t<div class=\"elementor-widget-wrap elementor-element-populated\">\n\t\t\t\t\t\t<div class=\"elementor-element elementor-element-5c7799b elementor-tabs-view-horizontal elementor-widget elementor-widget-tabs\" data-id=\"5c7799b\" data-element_type=\"widget\" data-e-type=\"widget\" data-widget_type=\"tabs.default\">\n\t\t\t\t<div class=\"elementor-widget-container\">\n\t\t\t\t\t\t\t<div class=\"elementor-tabs\">\n\t\t\t<div class=\"elementor-tabs-wrapper\" role=\"tablist\" >\n\t\t\t\t\t\t\t\t\t<div id=\"elementor-tab-title-9691\" class=\"elementor-tab-title elementor-tab-desktop-title\" aria-selected=\"true\" data-tab=\"1\" role=\"tab\" tabindex=\"0\" aria-controls=\"elementor-tab-content-9691\" aria-expanded=\"false\">Technical data<\/div>\n\t\t\t\t\t\t\t<\/div>\n\t\t\t<div class=\"elementor-tabs-content-wrapper\" role=\"tablist\" aria-orientation=\"vertical\">\n\t\t\t\t\t\t\t\t\t<div class=\"elementor-tab-title elementor-tab-mobile-title\" aria-selected=\"true\" data-tab=\"1\" role=\"tab\" tabindex=\"0\" aria-controls=\"elementor-tab-content-9691\" aria-expanded=\"false\">Technical data<\/div>\n\t\t\t\t\t<div id=\"elementor-tab-content-9691\" class=\"elementor-tab-content elementor-clearfix\" data-tab=\"1\" role=\"tabpanel\" aria-labelledby=\"elementor-tab-title-9691\" tabindex=\"0\" hidden=\"false\"><ul><li>Tensiune nominal\u0103 230V AC<\/li><li>Frecven\u021b\u0103 50\/60Hz<\/li><li>Num\u0103r poli: 1P<\/li><li>Surs\u0103 lumin\u0103 LED<\/li><li>Ie\u2264 1,6mA<\/li><li>Tensiune izola\u021bie (Ui) 500V<\/li><li>Putere LED: 0,8W<\/li><li>Culori: albastru \/ ro\u0219u \/ verde \/ galben<\/li><li>Terminal cablu: 25mm2<\/li><li>Str\u00e2ngere \u0219urub: 2,5Nm<\/li><li>Protection water\/dust: IP20<\/li><\/ul><\/div>\n\t\t\t\t\t\t\t<\/div>\n\t\t<\/div>\n\t\t\t\t\t\t<\/div>\n\t\t\t\t<\/div>\n\t\t\t\t\t<\/div>\n\t\t<\/div>\n\t\t\t\t\t<\/div>\n\t\t<\/section>\n\t\t\t\t<section class=\"elementor-section elementor-top-section elementor-element elementor-element-6822b8da elementor-section-boxed elementor-section-height-default elementor-section-height-default\" data-id=\"6822b8da\" data-element_type=\"section\" data-e-type=\"section\">\n\t\t\t\t\t\t<div class=\"elementor-container elementor-column-gap-default\">\n\t\t\t\t\t<div class=\"elementor-column elementor-col-100 elementor-top-column elementor-element elementor-element-f98e637\" data-id=\"f98e637\" data-element_type=\"column\" data-e-type=\"column\">\n\t\t\t<div class=\"elementor-widget-wrap elementor-element-populated\">\n\t\t\t\t\t\t<div class=\"elementor-element elementor-element-5acdb9da elementor-widget elementor-widget-heading\" data-id=\"5acdb9da\" data-element_type=\"widget\" data-e-type=\"widget\" data-widget_type=\"heading.default\">\n\t\t\t\t<div class=\"elementor-widget-container\">\n\t\t\t\t\t<h2 class=\"elementor-heading-title elementor-size-default\">VEZI FISE TEHNICE<\/h2>\t\t\t\t<\/div>\n\t\t\t\t<\/div>\n\t\t\t\t\t<\/div>\n\t\t<\/div>\n\t\t\t\t\t<\/div>\n\t\t<\/section>\n\t\t\t\t<section class=\"elementor-section elementor-top-section elementor-element elementor-element-7979496e elementor-section-boxed elementor-section-height-default elementor-section-height-default\" data-id=\"7979496e\" data-element_type=\"section\" data-e-type=\"section\">\n\t\t\t\t\t\t<div class=\"elementor-container elementor-column-gap-default\">\n\t\t\t\t\t<div class=\"elementor-column elementor-col-100 elementor-top-column elementor-element elementor-element-606031c1\" data-id=\"606031c1\" data-element_type=\"column\" data-e-type=\"column\">\n\t\t\t<div class=\"elementor-widget-wrap elementor-element-populated\">\n\t\t\t\t\t\t<div class=\"elementor-element elementor-element-724d783f elementor-align-center elementor-widget elementor-widget-button\" data-id=\"724d783f\" data-element_type=\"widget\" data-e-type=\"widget\" data-widget_type=\"button.default\">\n\t\t\t\t<div class=\"elementor-widget-container\">\n\t\t\t\t\t\t\t\t\t<div class=\"elementor-button-wrapper\">\n\t\t\t\t\t<a class=\"elementor-button elementor-button-link elementor-size-xs elementor-animation-grow\" href=\"https:\/\/elvon.ro\/wp-content\/uploads\/2022\/11\/FT-Lampi-de-semnalizare-pe-sina-DIN.pdf\">\n\t\t\t\t\t\t<span class=\"elementor-button-content-wrapper\">\n\t\t\t\t\t\t\t\t\t<span class=\"elementor-button-text\">Lampi de semnalizare<\/span>\n\t\t\t\t\t<\/span>\n\t\t\t\t\t<\/a>\n\t\t\t\t<\/div>\n\t\t\t\t\t\t\t\t<\/div>\n\t\t\t\t<\/div>\n\t\t\t\t\t<\/div>\n\t\t<\/div>\n\t\t\t\t\t<\/div>\n\t\t<\/section>\n\t\t\t\t<section class=\"elementor-section elementor-top-section elementor-element elementor-element-60d8ddb elementor-section-boxed elementor-section-height-default elementor-section-height-default\" data-id=\"60d8ddb\" data-element_type=\"section\" data-e-type=\"section\">\n\t\t\t\t\t\t<div class=\"elementor-container elementor-column-gap-default\">\n\t\t\t\t\t<div class=\"elementor-column elementor-col-33 elementor-top-column elementor-element elementor-element-625d87e\" data-id=\"625d87e\" data-element_type=\"column\" data-e-type=\"column\">\n\t\t\t<div class=\"elementor-widget-wrap elementor-element-populated\">\n\t\t\t\t\t\t<div class=\"elementor-element elementor-element-17a85ee elementor-widget elementor-widget-image-carousel\" data-id=\"17a85ee\" data-element_type=\"widget\" data-e-type=\"widget\" data-settings=\"{&quot;slides_to_show&quot;:&quot;1&quot;,&quot;navigation&quot;:&quot;none&quot;,&quot;autoplay&quot;:&quot;yes&quot;,&quot;pause_on_hover&quot;:&quot;yes&quot;,&quot;pause_on_interaction&quot;:&quot;yes&quot;,&quot;autoplay_speed&quot;:5000,&quot;infinite&quot;:&quot;yes&quot;,&quot;effect&quot;:&quot;slide&quot;,&quot;speed&quot;:500}\" data-widget_type=\"image-carousel.default\">\n\t\t\t\t<div class=\"elementor-widget-container\">\n\t\t\t\t\t\t\t<div class=\"elementor-image-carousel-wrapper swiper\" role=\"region\" aria-roledescription=\"carousel\" aria-label=\"Image Carousel\" dir=\"ltr\">\n\t\t\t<div class=\"elementor-image-carousel swiper-wrapper\" aria-live=\"off\">\n\t\t\t\t\t\t\t\t<div class=\"swiper-slide\" role=\"group\" aria-roledescription=\"slide\" aria-label=\"1 of 4\"><figure class=\"swiper-slide-inner\"><img decoding=\"async\" class=\"swiper-slide-image\" src=\"https:\/\/elvon.ro\/wp-content\/uploads\/2022\/11\/15208p-185x300.png\" alt=\"15208p\" \/><\/figure><\/div><div class=\"swiper-slide\" role=\"group\" aria-roledescription=\"slide\" aria-label=\"2 of 4\"><figure class=\"swiper-slide-inner\"><img decoding=\"async\" class=\"swiper-slide-image\" src=\"https:\/\/elvon.ro\/wp-content\/uploads\/2022\/11\/15207p-150x300.png\" alt=\"15207p\" \/><\/figure><\/div><div class=\"swiper-slide\" role=\"group\" aria-roledescription=\"slide\" aria-label=\"3 of 4\"><figure class=\"swiper-slide-inner\"><img decoding=\"async\" class=\"swiper-slide-image\" src=\"https:\/\/elvon.ro\/wp-content\/uploads\/2022\/11\/15206p-196x300.png\" alt=\"15206p\" \/><\/figure><\/div><div class=\"swiper-slide\" role=\"group\" aria-roledescription=\"slide\" aria-label=\"4 of 4\"><figure class=\"swiper-slide-inner\"><img decoding=\"async\" class=\"swiper-slide-image\" src=\"https:\/\/elvon.ro\/wp-content\/uploads\/2022\/11\/15200p-172x300.png\" alt=\"15200p\" \/><\/figure><\/div>\t\t\t<\/div>\n\t\t\t\t\t\t\t\n\t\t\t\t\t\t\t\t\t<\/div>\n\t\t\t\t\t\t<\/div>\n\t\t\t\t<\/div>\n\t\t\t\t\t<\/div>\n\t\t<\/div>\n\t\t\t\t<div class=\"elementor-column elementor-col-66 elementor-top-column elementor-element elementor-element-e3fafbb\" data-id=\"e3fafbb\" data-element_type=\"column\" data-e-type=\"column\">\n\t\t\t<div class=\"elementor-widget-wrap elementor-element-populated\">\n\t\t\t\t\t\t<div class=\"elementor-element elementor-element-20be8e1 elementor-widget elementor-widget-html\" data-id=\"20be8e1\" data-element_type=\"widget\" data-e-type=\"widget\" data-widget_type=\"html.default\">\n\t\t\t\t<div class=\"elementor-widget-container\">\n\t\t\t\t\t<html>\n    <head>\n        <style>\n            #produse {\n                font-family: Tahoma, Verdana;\n                border-collapse: collapse;\n                width: 100%;\n            }\n            #produse td, #produse th {\n                border: 1px solid #DDDDDD;\n                padding: 6px;\n            }\n            #produse tr:nth-child(even){background-color: #DEDEDE;}\n            #produse tr:hover {background-color: #E4F1F2;}\n            #produse th {\n                padding-top:5px;\n                padding-bottom: 5px;\n                font-family: Tahoma;\n                font-size: 15px;\n                font-weight: 300;\n                text-align: center;\n                background-color: #BCDEE0;\n                color: black;\n            }\n            #produse td {\n                color: #666666;\n                font-size: 14px;\n                text-align: center;\n            }\n        <\/style>\n    <\/head>\n    <body>\n        <table id=\"produse\">\n            <tr>\n                <th>Elvon code<\/th>\n                <th>culoare LED<\/th>\n                <th>sizes<\/th>\n            <\/tr>\n            <tr>\n                <td style=\"text-align:center\">15200<\/td>\n                <td>albastru<\/td>\n                <td>18mm \u00d7 66mm \u00d7 83mm<\/td>\n            <\/tr>\n            <tr>\n                <td style=\"text-align:center\">15206<\/td>\n                <td>black<\/td>\n                <td>18mm \u00d7 66mm \u00d7 83mm<\/td>\n            <\/tr>\n            <tr>\n                <td style=\"text-align:center\">15207<\/td>\n                <td>green<\/td>\n                <td>18mm \u00d7 66mm \u00d7 83mm<\/td>\n            <\/tr>\n            <tr>\n                <td style=\"text-align:center\">15208<\/td>\n                <td>yellow<\/td>\n                <td>18mm \u00d7 66mm \u00d7 83mm<\/td>\n            <\/tr>\n        <\/table>\n        \n    <\/body>\n<\/html>\t\t\t\t<\/div>\n\t\t\t\t<\/div>\n\t\t\t\t\t<\/div>\n\t\t<\/div>\n\t\t\t\t\t<\/div>\n\t\t<\/section>\n\t\t\t\t<\/div>","protected":false},"excerpt":{"rendered":"<p>COMANDA SI CONTROL &#8211; LAMPI DE SEMNALIZARE PE SINA DIN Descriere generala LAMPI DE SEMNALIZARE FUNCTII Indicator luminos pentru circuite de 230V, 50\/60Hz Caracteristici tehnice Caracteristici tehnice Tensiune nominal\u0103 230V AC Frecven\u021b\u0103 50\/60Hz Num\u0103r poli: 1P Surs\u0103 lumin\u0103 LED Ie\u2264<\/p>","protected":false},"author":2,"featured_media":0,"parent":0,"menu_order":0,"comment_status":"closed","ping_status":"closed","template":"","meta":{"_acf_changed":false,"footnotes":"","_links_to":"","_links_to_target":""},"class_list":["post-26965","page","type-page","status-publish","hentry"],"acf":[],"yoast_head":"<!-- This site is optimized with the Yoast SEO plugin v27.4 - https:\/\/yoast.com\/product\/yoast-seo-wordpress\/ -->\n<title>Signaling lamps - Elvon Electric<\/title>\n<meta name=\"description\" content=\"Signal lamp, LED light indicator for 230V, 50\/60Hz circuitsBanda izolatoare neinflamabila, formata dintr-un strat PVC acoperit cu adeziv pe baza de cauciuc, sensibil la presiune, pentru interior si exterior\" \/>\n<meta name=\"robots\" content=\"index, follow, max-snippet:-1, max-image-preview:large, max-video-preview:-1\" \/>\n<link rel=\"canonical\" href=\"https:\/\/elvon.ro\/en\/lampi-semnalizare\/\" \/>\n<meta property=\"og:locale\" content=\"en_US\" \/>\n<meta property=\"og:type\" content=\"article\" \/>\n<meta property=\"og:title\" content=\"Signaling lamps - Elvon Electric\" \/>\n<meta property=\"og:description\" content=\"{:ro}{:ro}Lampa semnalizare, indicator luminos LED pentru circuite de 230V, 50\/60Hz{:en}Signal lamp, LED light indicator for 230V, 50\/60Hz circuits{:}{:en}Banda izolatoare neinflamabila, formata dintr-un strat PVC acoperit cu adeziv pe baza de cauciuc, sensibil la presiune, pentru interior si exterior{:}\" \/>\n<meta property=\"og:url\" content=\"https:\/\/elvon.ro\/en\/lampi-semnalizare\/\" \/>\n<meta property=\"og:site_name\" content=\"Elvon Electric\" \/>\n<meta property=\"article:publisher\" content=\"http:\/\/www.facebook.com\/elvonelectric\/\" \/>\n<meta property=\"article:modified_time\" content=\"2022-11-18T08:59:38+00:00\" \/>\n<meta property=\"og:image\" content=\"https:\/\/elvon.ro\/wp-content\/uploads\/2022\/11\/lampi-semnalizare-poza-grup-1-768x484.png\" \/>\n<meta name=\"twitter:label1\" content=\"Est. reading time\" \/>\n\t<meta name=\"twitter:data1\" content=\"2 minutes\" \/>\n<script type=\"application\/ld+json\" class=\"yoast-schema-graph\">{\"@context\":\"https:\\\/\\\/schema.org\",\"@graph\":[{\"@type\":\"WebPage\",\"@id\":\"https:\\\/\\\/elvon.ro\\\/lampi-semnalizare\\\/\",\"url\":\"https:\\\/\\\/elvon.ro\\\/lampi-semnalizare\\\/\",\"name\":\"Signaling lamps - Elvon Electric\",\"isPartOf\":{\"@id\":\"https:\\\/\\\/elvon.ro\\\/#website\"},\"primaryImageOfPage\":{\"@id\":\"https:\\\/\\\/elvon.ro\\\/lampi-semnalizare\\\/#primaryimage\"},\"image\":{\"@id\":\"https:\\\/\\\/elvon.ro\\\/lampi-semnalizare\\\/#primaryimage\"},\"thumbnailUrl\":\"https:\\\/\\\/elvon.ro\\\/wp-content\\\/uploads\\\/2022\\\/11\\\/lampi-semnalizare-poza-grup-1-768x484.png\",\"datePublished\":\"2022-11-18T07:50:40+00:00\",\"dateModified\":\"2022-11-18T08:59:38+00:00\",\"description\":\"{:ro}{:ro}Lampa semnalizare, indicator luminos LED pentru circuite de 230V, 50\\\/60Hz{:en}Signal lamp, LED light indicator for 230V, 50\\\/60Hz circuits{:}{:en}Banda izolatoare neinflamabila, formata dintr-un strat PVC acoperit cu adeziv pe baza de cauciuc, sensibil la presiune, pentru interior si exterior{:}\",\"breadcrumb\":{\"@id\":\"https:\\\/\\\/elvon.ro\\\/lampi-semnalizare\\\/#breadcrumb\"},\"inLanguage\":\"en-US\",\"potentialAction\":[{\"@type\":\"ReadAction\",\"target\":[\"https:\\\/\\\/elvon.ro\\\/lampi-semnalizare\\\/\"]}]},{\"@type\":\"ImageObject\",\"inLanguage\":\"en-US\",\"@id\":\"https:\\\/\\\/elvon.ro\\\/lampi-semnalizare\\\/#primaryimage\",\"url\":\"https:\\\/\\\/elvon.ro\\\/wp-content\\\/uploads\\\/2022\\\/11\\\/lampi-semnalizare-poza-grup-1-768x484.png\",\"contentUrl\":\"https:\\\/\\\/elvon.ro\\\/wp-content\\\/uploads\\\/2022\\\/11\\\/lampi-semnalizare-poza-grup-1-768x484.png\"},{\"@type\":\"BreadcrumbList\",\"@id\":\"https:\\\/\\\/elvon.ro\\\/lampi-semnalizare\\\/#breadcrumb\",\"itemListElement\":[{\"@type\":\"ListItem\",\"position\":1,\"name\":\"Home\",\"item\":\"https:\\\/\\\/elvon.ro\\\/\"},{\"@type\":\"ListItem\",\"position\":2,\"name\":\"Lampi de semnalizare\"}]},{\"@type\":\"WebSite\",\"@id\":\"https:\\\/\\\/elvon.ro\\\/#website\",\"url\":\"https:\\\/\\\/elvon.ro\\\/\",\"name\":\"Elvon Electric\",\"description\":\"te conecteaza la calitate\",\"publisher\":{\"@id\":\"https:\\\/\\\/elvon.ro\\\/#organization\"},\"potentialAction\":[{\"@type\":\"SearchAction\",\"target\":{\"@type\":\"EntryPoint\",\"urlTemplate\":\"https:\\\/\\\/elvon.ro\\\/?s={search_term_string}\"},\"query-input\":{\"@type\":\"PropertyValueSpecification\",\"valueRequired\":true,\"valueName\":\"search_term_string\"}}],\"inLanguage\":\"en-US\"},{\"@type\":\"Organization\",\"@id\":\"https:\\\/\\\/elvon.ro\\\/#organization\",\"name\":\"ELVON ELECTRIC\",\"url\":\"https:\\\/\\\/elvon.ro\\\/\",\"logo\":{\"@type\":\"ImageObject\",\"inLanguage\":\"en-US\",\"@id\":\"https:\\\/\\\/elvon.ro\\\/#\\\/schema\\\/logo\\\/image\\\/\",\"url\":\"https:\\\/\\\/elvon.ro\\\/wp-content\\\/uploads\\\/2015\\\/09\\\/logo-motto.jpg\",\"contentUrl\":\"https:\\\/\\\/elvon.ro\\\/wp-content\\\/uploads\\\/2015\\\/09\\\/logo-motto.jpg\",\"width\":714,\"height\":328,\"caption\":\"ELVON ELECTRIC\"},\"image\":{\"@id\":\"https:\\\/\\\/elvon.ro\\\/#\\\/schema\\\/logo\\\/image\\\/\"},\"sameAs\":[\"http:\\\/\\\/www.facebook.com\\\/elvonelectric\\\/\"]}]}<\/script>\n<!-- \/ Yoast SEO plugin. -->","yoast_head_json":{"title":"Signaling lamps - Elvon Electric","description":"Signal lamp, LED light indicator for 230V, 50\/60Hz circuitsBanda izolatoare neinflamabila, formata dintr-un strat PVC acoperit cu adeziv pe baza de cauciuc, sensibil la presiune, pentru interior si exterior","robots":{"index":"index","follow":"follow","max-snippet":"max-snippet:-1","max-image-preview":"max-image-preview:large","max-video-preview":"max-video-preview:-1"},"canonical":"https:\/\/elvon.ro\/en\/lampi-semnalizare\/","og_locale":"en_US","og_type":"article","og_title":"Signaling lamps - Elvon Electric","og_description":"{:ro}{:ro}Lampa semnalizare, indicator luminos LED pentru circuite de 230V, 50\/60Hz{:en}Signal lamp, LED light indicator for 230V, 50\/60Hz circuits{:}{:en}Banda izolatoare neinflamabila, formata dintr-un strat PVC acoperit cu adeziv pe baza de cauciuc, sensibil la presiune, pentru interior si exterior{:}","og_url":"https:\/\/elvon.ro\/en\/lampi-semnalizare\/","og_site_name":"Elvon Electric","article_publisher":"http:\/\/www.facebook.com\/elvonelectric\/","article_modified_time":"2022-11-18T08:59:38+00:00","og_image":[{"url":"https:\/\/elvon.ro\/wp-content\/uploads\/2022\/11\/lampi-semnalizare-poza-grup-1-768x484.png","type":"","width":"","height":""}],"twitter_misc":{"Est. reading time":"2 minutes"},"schema":{"@context":"https:\/\/schema.org","@graph":[{"@type":"WebPage","@id":"https:\/\/elvon.ro\/lampi-semnalizare\/","url":"https:\/\/elvon.ro\/lampi-semnalizare\/","name":"Signaling lamps - Elvon Electric","isPartOf":{"@id":"https:\/\/elvon.ro\/#website"},"primaryImageOfPage":{"@id":"https:\/\/elvon.ro\/lampi-semnalizare\/#primaryimage"},"image":{"@id":"https:\/\/elvon.ro\/lampi-semnalizare\/#primaryimage"},"thumbnailUrl":"https:\/\/elvon.ro\/wp-content\/uploads\/2022\/11\/lampi-semnalizare-poza-grup-1-768x484.png","datePublished":"2022-11-18T07:50:40+00:00","dateModified":"2022-11-18T08:59:38+00:00","description":"{:ro}{:ro}Lampa semnalizare, indicator luminos LED pentru circuite de 230V, 50\/60Hz{:en}Signal lamp, LED light indicator for 230V, 50\/60Hz circuits{:}{:en}Banda izolatoare neinflamabila, formata dintr-un strat PVC acoperit cu adeziv pe baza de cauciuc, sensibil la presiune, pentru interior si exterior{:}","breadcrumb":{"@id":"https:\/\/elvon.ro\/lampi-semnalizare\/#breadcrumb"},"inLanguage":"en-US","potentialAction":[{"@type":"ReadAction","target":["https:\/\/elvon.ro\/lampi-semnalizare\/"]}]},{"@type":"ImageObject","inLanguage":"en-US","@id":"https:\/\/elvon.ro\/lampi-semnalizare\/#primaryimage","url":"https:\/\/elvon.ro\/wp-content\/uploads\/2022\/11\/lampi-semnalizare-poza-grup-1-768x484.png","contentUrl":"https:\/\/elvon.ro\/wp-content\/uploads\/2022\/11\/lampi-semnalizare-poza-grup-1-768x484.png"},{"@type":"BreadcrumbList","@id":"https:\/\/elvon.ro\/lampi-semnalizare\/#breadcrumb","itemListElement":[{"@type":"ListItem","position":1,"name":"Home","item":"https:\/\/elvon.ro\/"},{"@type":"ListItem","position":2,"name":"Lampi de semnalizare"}]},{"@type":"WebSite","@id":"https:\/\/elvon.ro\/#website","url":"https:\/\/elvon.ro\/","name":"Elvon Electric","description":"te conecteaza la calitate","publisher":{"@id":"https:\/\/elvon.ro\/#organization"},"potentialAction":[{"@type":"SearchAction","target":{"@type":"EntryPoint","urlTemplate":"https:\/\/elvon.ro\/?s={search_term_string}"},"query-input":{"@type":"PropertyValueSpecification","valueRequired":true,"valueName":"search_term_string"}}],"inLanguage":"en-US"},{"@type":"Organization","@id":"https:\/\/elvon.ro\/#organization","name":"ELVON ELECTRIC","url":"https:\/\/elvon.ro\/","logo":{"@type":"ImageObject","inLanguage":"en-US","@id":"https:\/\/elvon.ro\/#\/schema\/logo\/image\/","url":"https:\/\/elvon.ro\/wp-content\/uploads\/2015\/09\/logo-motto.jpg","contentUrl":"https:\/\/elvon.ro\/wp-content\/uploads\/2015\/09\/logo-motto.jpg","width":714,"height":328,"caption":"ELVON ELECTRIC"},"image":{"@id":"https:\/\/elvon.ro\/#\/schema\/logo\/image\/"},"sameAs":["http:\/\/www.facebook.com\/elvonelectric\/"]}]}},"amp_enabled":true,"_links":{"self":[{"href":"https:\/\/elvon.ro\/en\/wp-json\/wp\/v2\/pages\/26965","targetHints":{"allow":["GET"]}}],"collection":[{"href":"https:\/\/elvon.ro\/en\/wp-json\/wp\/v2\/pages"}],"about":[{"href":"https:\/\/elvon.ro\/en\/wp-json\/wp\/v2\/types\/page"}],"author":[{"embeddable":true,"href":"https:\/\/elvon.ro\/en\/wp-json\/wp\/v2\/users\/2"}],"replies":[{"embeddable":true,"href":"https:\/\/elvon.ro\/en\/wp-json\/wp\/v2\/comments?post=26965"}],"version-history":[{"count":10,"href":"https:\/\/elvon.ro\/en\/wp-json\/wp\/v2\/pages\/26965\/revisions"}],"predecessor-version":[{"id":27009,"href":"https:\/\/elvon.ro\/en\/wp-json\/wp\/v2\/pages\/26965\/revisions\/27009"}],"wp:attachment":[{"href":"https:\/\/elvon.ro\/en\/wp-json\/wp\/v2\/media?parent=26965"}],"curies":[{"name":"wp","href":"https:\/\/api.w.org\/{rel}","templated":true}]}}