{"id":27323,"date":"2025-07-09T11:39:44","date_gmt":"2025-07-09T08:39:44","guid":{"rendered":"https:\/\/elvon.ro\/?page_id=27323"},"modified":"2025-07-31T10:31:25","modified_gmt":"2025-07-31T07:31:25","slug":"tablou-distributie-abs-ip65","status":"publish","type":"page","link":"https:\/\/elvon.ro\/en\/tablou-distributie-abs-ip65\/","title":{"rendered":"Electrical distribution panels, ABS, IP65"},"content":{"rendered":"<div data-elementor-type=\"wp-post\" data-elementor-id=\"27323\" class=\"elementor elementor-27323\">\n\t\t\t\t\t\t<section class=\"elementor-section elementor-top-section elementor-element elementor-element-672e24b1 elementor-section-boxed elementor-section-height-default elementor-section-height-default\" data-id=\"672e24b1\" data-element_type=\"section\" data-e-type=\"section\">\n\t\t\t\t\t\t<div class=\"elementor-container elementor-column-gap-default\">\n\t\t\t\t\t<div class=\"elementor-column elementor-col-100 elementor-top-column elementor-element elementor-element-5101dc14\" data-id=\"5101dc14\" data-element_type=\"column\" data-e-type=\"column\">\n\t\t\t<div class=\"elementor-widget-wrap elementor-element-populated\">\n\t\t\t\t\t\t<div class=\"elementor-element elementor-element-508290ff elementor-widget elementor-widget-text-editor\" data-id=\"508290ff\" data-element_type=\"widget\" data-e-type=\"widget\" data-widget_type=\"text-editor.default\">\n\t\t\t\t<div class=\"elementor-widget-container\">\n\t\t\t\t\t\t\t\t\t<p>TABLOURI ELECTRICE DE DISTRIBU\u0162IE ABS IP65 &#8211; gama VORTEX<\/p>\t\t\t\t\t\t\t\t<\/div>\n\t\t\t\t<\/div>\n\t\t\t\t\t<\/div>\n\t\t<\/div>\n\t\t\t\t\t<\/div>\n\t\t<\/section>\n\t\t\t\t<section class=\"elementor-section elementor-top-section elementor-element elementor-element-5297dfb elementor-section-boxed elementor-section-height-default elementor-section-height-default\" data-id=\"5297dfb\" data-element_type=\"section\" data-e-type=\"section\">\n\t\t\t\t\t\t<div class=\"elementor-container elementor-column-gap-default\">\n\t\t\t\t\t<div class=\"elementor-column elementor-col-100 elementor-top-column elementor-element elementor-element-a4e8769\" data-id=\"a4e8769\" data-element_type=\"column\" data-e-type=\"column\">\n\t\t\t<div class=\"elementor-widget-wrap elementor-element-populated\">\n\t\t\t\t\t\t<div class=\"elementor-element elementor-element-331ba49 elementor-widget elementor-widget-image\" data-id=\"331ba49\" data-element_type=\"widget\" data-e-type=\"widget\" data-widget_type=\"image.default\">\n\t\t\t\t<div class=\"elementor-widget-container\">\n\t\t\t\t\t\t\t\t\t\t\t\t\t\t\t<img fetchpriority=\"high\" decoding=\"async\" width=\"1024\" height=\"316\" src=\"https:\/\/elvon.ro\/wp-content\/uploads\/2025\/07\/group-img-tablouri-abs-ip65-1024x316.png\" class=\"attachment-large size-large wp-image-27325\" alt=\"tablouri-electrice-abs-ip65\" srcset=\"https:\/\/elvon.ro\/wp-content\/uploads\/2025\/07\/group-img-tablouri-abs-ip65-1024x316.png 1024w, https:\/\/elvon.ro\/wp-content\/uploads\/2025\/07\/group-img-tablouri-abs-ip65-300x93.png 300w, https:\/\/elvon.ro\/wp-content\/uploads\/2025\/07\/group-img-tablouri-abs-ip65-768x237.png 768w, https:\/\/elvon.ro\/wp-content\/uploads\/2025\/07\/group-img-tablouri-abs-ip65-1536x474.png 1536w, https:\/\/elvon.ro\/wp-content\/uploads\/2025\/07\/group-img-tablouri-abs-ip65-18x6.png 18w, https:\/\/elvon.ro\/wp-content\/uploads\/2025\/07\/group-img-tablouri-abs-ip65.png 1884w\" sizes=\"(max-width: 1024px) 100vw, 1024px\" \/>\t\t\t\t\t\t\t\t\t\t\t\t\t\t\t<\/div>\n\t\t\t\t<\/div>\n\t\t\t\t\t<\/div>\n\t\t<\/div>\n\t\t\t\t\t<\/div>\n\t\t<\/section>\n\t\t\t\t<section class=\"elementor-section elementor-top-section elementor-element elementor-element-1a35733 elementor-section-boxed elementor-section-height-default elementor-section-height-default\" data-id=\"1a35733\" data-element_type=\"section\" data-e-type=\"section\">\n\t\t\t\t\t\t<div class=\"elementor-container elementor-column-gap-default\">\n\t\t\t\t\t<div class=\"elementor-column elementor-col-100 elementor-top-column elementor-element elementor-element-fe46d0f\" data-id=\"fe46d0f\" data-element_type=\"column\" data-e-type=\"column\">\n\t\t\t<div class=\"elementor-widget-wrap elementor-element-populated\">\n\t\t\t\t\t\t<div class=\"elementor-element elementor-element-217f858 elementor-widget elementor-widget-heading\" data-id=\"217f858\" data-element_type=\"widget\" data-e-type=\"widget\" data-widget_type=\"heading.default\">\n\t\t\t\t<div class=\"elementor-widget-container\">\n\t\t\t\t\t<h2 class=\"elementor-heading-title elementor-size-default\">General description<\/h2>\t\t\t\t<\/div>\n\t\t\t\t<\/div>\n\t\t\t\t<div class=\"elementor-element elementor-element-4e44a72 elementor-widget elementor-widget-heading\" data-id=\"4e44a72\" data-element_type=\"widget\" data-e-type=\"widget\" data-widget_type=\"heading.default\">\n\t\t\t\t<div class=\"elementor-widget-container\">\n\t\t\t\t\t<h2 class=\"elementor-heading-title elementor-size-default\"><span style=\"font-family: Roboto, sans-serif;font-size: 18px;font-style: normal;font-weight: 400;text-align: center;text-transform: none\">Tablouri electrice de distribu\u0163ie, carcas\u0103 ABS, IP65<\/span><\/h2>\t\t\t\t<\/div>\n\t\t\t\t<\/div>\n\t\t\t\t<div class=\"elementor-element elementor-element-0e7d64a elementor-widget elementor-widget-text-editor\" data-id=\"0e7d64a\" data-element_type=\"widget\" data-e-type=\"widget\" data-widget_type=\"text-editor.default\">\n\t\t\t\t<div class=\"elementor-widget-container\">\n\t\t\t\t\t\t\t\t\t<p>Tabloul electric este destinat echip\u0103rii cu aparate electrice de curent alternativ, cu frecven\u0163a de 50Hz\/60Hz, cu o tensiune de func\u0163ionare nominal\u0103 de p\u00e2n\u0103 la<br \/>400V \u015fi curent nominal de p\u00e2n\u0103 la 63A. Cu montaj standard pe \u015fin\u0103 DIN 35mm ce asigur\u0103 distribu\u0163ia, protec\u0163ia \u0219i controlul circuitelor electrice.<br \/>\u25aa Panoul este realizat din ABS, rezistent la UV iar materialul transparent este din policarbonat (PC).<br \/>\u25aa Capacul cu deschidere \u015fi \u00eenchidere prin ap\u0103sare. Fa\u0163a tabloului are un sistem de deschidere prin ap\u0103sare, astfel \u00eenc\u00e2t capacul poate fi deschis u\u015for printr-o simpl\u0103 ap\u0103sare. Structura cu balama autoblocant\u0103 asigur\u0103 pozi\u0163ionarea stabil\u0103 a capacului.<br \/>\u25aa Tabloul de distribu\u0163ie este impermeabil, adecvat pentru utilizare la exterior. Designul compact protejeaz\u0103 eficient componentele interne \u00eempotriva deterior\u0103rii cauzate de umiditate \u015fi p\u0103trunderea apei.<br \/>\u25aa Tabloul este echipat cu bar\u0103 de nul, \u0219in\u0103 DIN \u0219i kit de montaj.<\/p>\t\t\t\t\t\t\t\t<\/div>\n\t\t\t\t<\/div>\n\t\t\t\t\t<\/div>\n\t\t<\/div>\n\t\t\t\t\t<\/div>\n\t\t<\/section>\n\t\t\t\t<section class=\"elementor-section elementor-top-section elementor-element elementor-element-8627d8b elementor-section-boxed elementor-section-height-default elementor-section-height-default\" data-id=\"8627d8b\" data-element_type=\"section\" data-e-type=\"section\">\n\t\t\t\t\t\t<div class=\"elementor-container elementor-column-gap-default\">\n\t\t\t\t\t<div class=\"elementor-column elementor-col-50 elementor-top-column elementor-element elementor-element-a0301d6\" data-id=\"a0301d6\" data-element_type=\"column\" data-e-type=\"column\">\n\t\t\t<div class=\"elementor-widget-wrap elementor-element-populated\">\n\t\t\t\t\t\t<div class=\"elementor-element elementor-element-5496b4e elementor-hidden-mobile elementor-widget elementor-widget-image\" data-id=\"5496b4e\" data-element_type=\"widget\" data-e-type=\"widget\" data-widget_type=\"image.default\">\n\t\t\t\t<div class=\"elementor-widget-container\">\n\t\t\t\t\t\t\t\t\t\t\t\t\t\t\t\t<a href=\"https:\/\/elvon.ro\/wp-content\/uploads\/2025\/07\/53702_HA-8.png\" data-elementor-open-lightbox=\"yes\" data-elementor-lightbox-title=\"53702_HA-8\" data-e-action-hash=\"#elementor-action%3Aaction%3Dlightbox%26settings%3DeyJpZCI6MjczMjQsInVybCI6Imh0dHBzOlwvXC9lbHZvbi5yb1wvd3AtY29udGVudFwvdXBsb2Fkc1wvMjAyNVwvMDdcLzUzNzAyX0hBLTgucG5nIn0%3D\">\n\t\t\t\t\t\t\t<img decoding=\"async\" width=\"1024\" height=\"980\" src=\"https:\/\/elvon.ro\/wp-content\/uploads\/2025\/07\/53702_HA-8-1024x980.png\" class=\"attachment-large size-large wp-image-27324\" alt=\"\" srcset=\"https:\/\/elvon.ro\/wp-content\/uploads\/2025\/07\/53702_HA-8-1024x980.png 1024w, https:\/\/elvon.ro\/wp-content\/uploads\/2025\/07\/53702_HA-8-300x287.png 300w, https:\/\/elvon.ro\/wp-content\/uploads\/2025\/07\/53702_HA-8-768x735.png 768w, https:\/\/elvon.ro\/wp-content\/uploads\/2025\/07\/53702_HA-8-1536x1470.png 1536w, https:\/\/elvon.ro\/wp-content\/uploads\/2025\/07\/53702_HA-8-2048x1960.png 2048w, https:\/\/elvon.ro\/wp-content\/uploads\/2025\/07\/53702_HA-8-13x12.png 13w\" sizes=\"(max-width: 1024px) 100vw, 1024px\" \/>\t\t\t\t\t\t\t\t<\/a>\n\t\t\t\t\t\t\t\t\t\t\t\t\t\t\t<\/div>\n\t\t\t\t<\/div>\n\t\t\t\t\t<\/div>\n\t\t<\/div>\n\t\t\t\t<div class=\"elementor-column elementor-col-50 elementor-top-column elementor-element elementor-element-341d1b8\" data-id=\"341d1b8\" data-element_type=\"column\" data-e-type=\"column\">\n\t\t\t<div class=\"elementor-widget-wrap elementor-element-populated\">\n\t\t\t\t\t\t<div class=\"elementor-element elementor-element-f40bdd2 elementor-widget elementor-widget-heading\" data-id=\"f40bdd2\" data-element_type=\"widget\" data-e-type=\"widget\" data-widget_type=\"heading.default\">\n\t\t\t\t<div class=\"elementor-widget-container\">\n\t\t\t\t\t<h2 class=\"elementor-heading-title elementor-size-default\">TABLOU DISTRIBU\u0162IE ABS IP65<\/h2>\t\t\t\t<\/div>\n\t\t\t\t<\/div>\n\t\t\t\t<div class=\"elementor-element elementor-element-bbe1b0f elementor-tabs-view-horizontal elementor-widget elementor-widget-tabs\" data-id=\"bbe1b0f\" data-element_type=\"widget\" data-e-type=\"widget\" data-widget_type=\"tabs.default\">\n\t\t\t\t<div class=\"elementor-widget-container\">\n\t\t\t\t\t\t\t<div class=\"elementor-tabs\">\n\t\t\t<div class=\"elementor-tabs-wrapper\" role=\"tablist\" >\n\t\t\t\t\t\t\t\t\t<div id=\"elementor-tab-title-1971\" class=\"elementor-tab-title elementor-tab-desktop-title\" aria-selected=\"true\" data-tab=\"1\" role=\"tab\" tabindex=\"0\" aria-controls=\"elementor-tab-content-1971\" aria-expanded=\"false\">Parametri tehnici<\/div>\n\t\t\t\t\t\t\t\t\t<div id=\"elementor-tab-title-1972\" class=\"elementor-tab-title elementor-tab-desktop-title\" aria-selected=\"false\" data-tab=\"2\" role=\"tab\" tabindex=\"-1\" aria-controls=\"elementor-tab-content-1972\" aria-expanded=\"false\">Manual instructiuni<\/div>\n\t\t\t\t\t\t\t<\/div>\n\t\t\t<div class=\"elementor-tabs-content-wrapper\" role=\"tablist\" aria-orientation=\"vertical\">\n\t\t\t\t\t\t\t\t\t<div class=\"elementor-tab-title elementor-tab-mobile-title\" aria-selected=\"true\" data-tab=\"1\" role=\"tab\" tabindex=\"0\" aria-controls=\"elementor-tab-content-1971\" aria-expanded=\"false\">Parametri tehnici<\/div>\n\t\t\t\t\t<div id=\"elementor-tab-content-1971\" class=\"elementor-tab-content elementor-clearfix\" data-tab=\"1\" role=\"tabpanel\" aria-labelledby=\"elementor-tab-title-1971\" tabindex=\"0\" hidden=\"false\"><ul>\n<li>Housing material: UV-resistant non-recycled ABS<\/li>\n<li>Material u\u0219\u0103 transparent\u0103: policarbonat<\/li>\n<li>U\u015f\u0103: deschidere p\u00e2n\u0103 la 180\u00b0 + mecanism blocare<\/li>\n<li>Grad protec\u0163ie: IP65<\/li>\n<li>Rezisten\u0163\u0103 mecanic\u0103: IK08<\/li>\n<li>Tensiune nominal\u0103: 400V<\/li>\n<li>Curent: 65A<\/li>\n<li>Culoare corp: gri deschis, RAL 7035<\/li>\n<li>Culoare u\u0219\u0103: fumuriu deschis<\/li>\n<li>Mounting: on surface<\/li>\n<li>Temperatur\u0103 func\u0163ionare: -25 \u00b0C ~ +60 \u00b0C<\/li>\n<li>Protection against electric shock: Class II<\/li>\n<\/ul><\/div>\n\t\t\t\t\t\t\t\t\t<div class=\"elementor-tab-title elementor-tab-mobile-title\" aria-selected=\"false\" data-tab=\"2\" role=\"tab\" tabindex=\"-1\" aria-controls=\"elementor-tab-content-1972\" aria-expanded=\"false\">Manual instructiuni<\/div>\n\t\t\t\t\t<div id=\"elementor-tab-content-1972\" class=\"elementor-tab-content elementor-clearfix\" data-tab=\"2\" role=\"tabpanel\" aria-labelledby=\"elementor-tab-title-1972\" tabindex=\"0\" hidden=\"hidden\"><p><a href=\"https:\/\/elvon.ro\/wp-content\/uploads\/2025\/07\/FT-tablouri-distributie-ABS-IP65.pdf\">Fi\u015f\u0103 tehnic\u0103 &#8211; Tablouri de distribu\u0163ie ABS IP65<\/a><\/p><\/div>\n\t\t\t\t\t\t\t<\/div>\n\t\t<\/div>\n\t\t\t\t\t\t<\/div>\n\t\t\t\t<\/div>\n\t\t\t\t\t<\/div>\n\t\t<\/div>\n\t\t\t\t\t<\/div>\n\t\t<\/section>\n\t\t\t\t<section class=\"elementor-section elementor-top-section elementor-element elementor-element-024c6a9 elementor-section-boxed elementor-section-height-default elementor-section-height-default\" data-id=\"024c6a9\" data-element_type=\"section\" data-e-type=\"section\">\n\t\t\t\t\t\t<div class=\"elementor-container elementor-column-gap-default\">\n\t\t\t\t\t<div class=\"elementor-column elementor-col-100 elementor-top-column elementor-element elementor-element-ddbce02\" data-id=\"ddbce02\" data-element_type=\"column\" data-e-type=\"column\">\n\t\t\t<div class=\"elementor-widget-wrap elementor-element-populated\">\n\t\t\t\t\t\t<div class=\"elementor-element elementor-element-dc67ce0 elementor-widget elementor-widget-html\" data-id=\"dc67ce0\" data-element_type=\"widget\" data-e-type=\"widget\" data-widget_type=\"html.default\">\n\t\t\t\t<div class=\"elementor-widget-container\">\n\t\t\t\t\t<html>\n    <head>\n        <style>\n            #produse {\n                font-family: Tahoma, Verdana;\n                border-collapse: collapse;\n                width: 100%;\n            }\n            #produse td, #produse th {\n                border: 1px solid #DDDDDD;\n                padding: 6px;\n            }\n            #produse tr:nth-child(even){background-color: #DEDEDE;}\n            #produse tr:hover {background-color: #E4F1F2;}\n            #produse th {\n                padding-top:5px;\n                padding-bottom: 5px;\n                font-family: Tahoma;\n                font-size: 15px;\n                font-weight: 300;\n                text-align: center;\n                background-color: #BCDEE0;\n                color: black;\n            }\n            #produse td {\n                color: #666666;\n                font-size: 14px;\n                text-align: center;\n            }\n        <\/style>\n    <\/head>\n    <body>\n        <table id=\"produse\">\n            <tr>\n                <th>Elvon code<\/th>\n                <th style=\"text-align:left\">Product name<\/th>\n                <th>Modules number<\/th>\n                <th>ABS body sizes<\/th>\n            <\/tr>\n            <tr>\n                <td>53700<\/td>\n                <td style=\"text-align:left\">TABLOU DISTRIBUTIE APARENT ABS IP65  ELVON - 4L<\/td>\n                <td>4L<\/td>\n                <td>210 \u00d7 140 \u00d7 100<\/td>\n            <\/tr>\n           <tr>\n                <td>53702<\/td>\n                <td style=\"text-align:left\">TABLOU DISTRIBUTIE APARENT ABS IP65  ELVON - 8L<\/td>\n                <td>8L<\/td>\n                <td>210 \u00d7 215 \u00d7 100<\/td>\n            <\/tr>\n            <tr>\n                <td>53703<\/td>\n                <td style=\"text-align:left\">TABLOU DISTRIBUTIE APARENT ABS IP65  ELVON - 12L<\/td>\n                <td>12L<\/td>\n                <td>260 \u00d7 300 \u00d7 140<\/td>\n            <\/tr>\n            <tr>\n                <td>53704<\/td>\n                <td style=\"text-align:left\">TABLOU DISTRIBUTIE APARENT ABS IP65  ELVON - 18L<\/td>\n                <td>18L<\/td>\n                <td>285 \u00d7 410 \u00d7 140<\/td>\n            <\/tr>\n            <tr>\n                <td>53705<\/td>\n                <td style=\"text-align:left\">TABLOU DISTRIBUTIE APARENT ABS IP65  ELVON - 24L<\/td>\n                <td>24L<\/td>\n                <td>298 \u00d7 420 \u00d7 140<\/td>\n            <\/tr>\n            <tr>\n                <td>53706<\/td>\n                <td style=\"text-align:left\">TABLOU DISTRIBUTIE APARENT ABS IP65  ELVON - 36L<\/td>\n                <td>36L<\/td>\n                <td>318 \u00d7 572 \u00d7 150<\/td>\n            <\/tr>\n        <\/table>\n        \n    <\/body>\n<\/html>\t\t\t\t<\/div>\n\t\t\t\t<\/div>\n\t\t\t\t\t<\/div>\n\t\t<\/div>\n\t\t\t\t\t<\/div>\n\t\t<\/section>\n\t\t\t\t<\/div>","protected":false},"excerpt":{"rendered":"<p>Tabloul electric este destinat echip\u0103rii cu aparate electrice de curent alternativ,<br \/>\ncu frecven\u0163a de 50Hz\/60Hz, cu o tensiune de func\u0163ionare nominal\u0103 de p\u00e2n\u0103 la<br \/>\n400V \u015fi curent nominal de p\u00e2n\u0103 la 63A. Cu montaj standard pe \u015fin\u0103 DIN 35mm<br \/>\nce asigur\u0103 distribu\u021bia, protec\u021bia \u0219i controlul circuitelor electrice.<\/p>","protected":false},"author":2,"featured_media":27324,"parent":0,"menu_order":0,"comment_status":"closed","ping_status":"closed","template":"","meta":{"_acf_changed":false,"footnotes":"","_links_to":"","_links_to_target":""},"class_list":["post-27323","page","type-page","status-publish","has-post-thumbnail","hentry"],"acf":[],"yoast_head":"<!-- This site is optimized with the Yoast SEO plugin v27.0 - https:\/\/yoast.com\/product\/yoast-seo-wordpress\/ -->\n<title>Electrical distribution panels, ABS, IP65 - Elvon Electric<\/title>\n<meta name=\"description\" content=\"LED industrial lighting 3CCT\" \/>\n<meta name=\"robots\" content=\"index, follow, max-snippet:-1, max-image-preview:large, max-video-preview:-1\" \/>\n<link rel=\"canonical\" href=\"https:\/\/elvon.ro\/en\/tablou-distributie-abs-ip65\/\" \/>\n<meta property=\"og:locale\" content=\"en_US\" \/>\n<meta property=\"og:type\" content=\"article\" \/>\n<meta property=\"og:title\" content=\"Electrical distribution panels, ABS, IP65 - Elvon Electric\" \/>\n<meta property=\"og:description\" content=\"{:ro}Becuri LED, clasa energetica A+, lumina calda, neutra, receCorpuri LED iluminat industrial 3CCTCorpuri LED iluminat industrial 3CCTCorpuri LED iluminat industrial 3CCT interconectabile{:en}{:ro}Corpuri LED iluminat industrial 3CCT{:en}LED industrial lighting 3CCT{:}\" \/>\n<meta property=\"og:url\" content=\"https:\/\/elvon.ro\/en\/tablou-distributie-abs-ip65\/\" \/>\n<meta property=\"og:site_name\" content=\"Elvon Electric\" \/>\n<meta property=\"article:publisher\" content=\"http:\/\/www.facebook.com\/elvonelectric\/\" \/>\n<meta property=\"article:modified_time\" content=\"2025-07-31T07:31:25+00:00\" \/>\n<meta property=\"og:image\" content=\"https:\/\/elvon.ro\/wp-content\/uploads\/2025\/07\/53702_HA-8-1024x980.png\" \/>\n\t<meta property=\"og:image:width\" content=\"1024\" \/>\n\t<meta property=\"og:image:height\" content=\"980\" \/>\n\t<meta property=\"og:image:type\" content=\"image\/png\" \/>\n<meta name=\"twitter:label1\" content=\"Est. reading time\" \/>\n\t<meta name=\"twitter:data1\" content=\"3 minutes\" \/>\n<script type=\"application\/ld+json\" class=\"yoast-schema-graph\">{\"@context\":\"https:\/\/schema.org\",\"@graph\":[{\"@type\":\"WebPage\",\"@id\":\"https:\/\/elvon.ro\/tablou-distributie-abs-ip65\/\",\"url\":\"https:\/\/elvon.ro\/tablou-distributie-abs-ip65\/\",\"name\":\"Electrical distribution panels, ABS, IP65 - Elvon Electric\",\"isPartOf\":{\"@id\":\"https:\/\/elvon.ro\/#website\"},\"primaryImageOfPage\":{\"@id\":\"https:\/\/elvon.ro\/tablou-distributie-abs-ip65\/#primaryimage\"},\"image\":{\"@id\":\"https:\/\/elvon.ro\/tablou-distributie-abs-ip65\/#primaryimage\"},\"thumbnailUrl\":\"https:\/\/elvon.ro\/wp-content\/uploads\/2025\/07\/53702_HA-8.png\",\"datePublished\":\"2025-07-09T08:39:44+00:00\",\"dateModified\":\"2025-07-31T07:31:25+00:00\",\"description\":\"{:ro}Becuri LED, clasa energetica A+, lumina calda, neutra, receCorpuri LED iluminat industrial 3CCTCorpuri LED iluminat industrial 3CCTCorpuri LED iluminat industrial 3CCT interconectabile{:en}{:ro}Corpuri LED iluminat industrial 3CCT{:en}LED industrial lighting 3CCT{:}\",\"breadcrumb\":{\"@id\":\"https:\/\/elvon.ro\/tablou-distributie-abs-ip65\/#breadcrumb\"},\"inLanguage\":\"en-US\",\"potentialAction\":[{\"@type\":\"ReadAction\",\"target\":[\"https:\/\/elvon.ro\/tablou-distributie-abs-ip65\/\"]}]},{\"@type\":\"ImageObject\",\"inLanguage\":\"en-US\",\"@id\":\"https:\/\/elvon.ro\/tablou-distributie-abs-ip65\/#primaryimage\",\"url\":\"https:\/\/elvon.ro\/wp-content\/uploads\/2025\/07\/53702_HA-8.png\",\"contentUrl\":\"https:\/\/elvon.ro\/wp-content\/uploads\/2025\/07\/53702_HA-8.png\",\"width\":2560,\"height\":2450},{\"@type\":\"BreadcrumbList\",\"@id\":\"https:\/\/elvon.ro\/tablou-distributie-abs-ip65\/#breadcrumb\",\"itemListElement\":[{\"@type\":\"ListItem\",\"position\":1,\"name\":\"Home\",\"item\":\"https:\/\/elvon.ro\/\"},{\"@type\":\"ListItem\",\"position\":2,\"name\":\"[:ro]Tablouri electrice de distribu\u0163ie, ABS, IP65 [:en]Electrical distribution panels, ABS, IP65[:]\"}]},{\"@type\":\"WebSite\",\"@id\":\"https:\/\/elvon.ro\/#website\",\"url\":\"https:\/\/elvon.ro\/\",\"name\":\"Elvon Electric\",\"description\":\"te conecteaza la calitate\",\"publisher\":{\"@id\":\"https:\/\/elvon.ro\/#organization\"},\"potentialAction\":[{\"@type\":\"SearchAction\",\"target\":{\"@type\":\"EntryPoint\",\"urlTemplate\":\"https:\/\/elvon.ro\/?s={search_term_string}\"},\"query-input\":{\"@type\":\"PropertyValueSpecification\",\"valueRequired\":true,\"valueName\":\"search_term_string\"}}],\"inLanguage\":\"en-US\"},{\"@type\":\"Organization\",\"@id\":\"https:\/\/elvon.ro\/#organization\",\"name\":\"ELVON ELECTRIC\",\"url\":\"https:\/\/elvon.ro\/\",\"logo\":{\"@type\":\"ImageObject\",\"inLanguage\":\"en-US\",\"@id\":\"https:\/\/elvon.ro\/#\/schema\/logo\/image\/\",\"url\":\"https:\/\/elvon.ro\/wp-content\/uploads\/2015\/09\/logo-motto.jpg\",\"contentUrl\":\"https:\/\/elvon.ro\/wp-content\/uploads\/2015\/09\/logo-motto.jpg\",\"width\":714,\"height\":328,\"caption\":\"ELVON ELECTRIC\"},\"image\":{\"@id\":\"https:\/\/elvon.ro\/#\/schema\/logo\/image\/\"},\"sameAs\":[\"http:\/\/www.facebook.com\/elvonelectric\/\"]}]}<\/script>\n<!-- \/ Yoast SEO plugin. -->","yoast_head_json":{"title":"Electrical distribution panels, ABS, IP65 - Elvon Electric","description":"LED industrial lighting 3CCT","robots":{"index":"index","follow":"follow","max-snippet":"max-snippet:-1","max-image-preview":"max-image-preview:large","max-video-preview":"max-video-preview:-1"},"canonical":"https:\/\/elvon.ro\/en\/tablou-distributie-abs-ip65\/","og_locale":"en_US","og_type":"article","og_title":"Electrical distribution panels, ABS, IP65 - Elvon Electric","og_description":"{:ro}Becuri LED, clasa energetica A+, lumina calda, neutra, receCorpuri LED iluminat industrial 3CCTCorpuri LED iluminat industrial 3CCTCorpuri LED iluminat industrial 3CCT interconectabile{:en}{:ro}Corpuri LED iluminat industrial 3CCT{:en}LED industrial lighting 3CCT{:}","og_url":"https:\/\/elvon.ro\/en\/tablou-distributie-abs-ip65\/","og_site_name":"Elvon Electric","article_publisher":"http:\/\/www.facebook.com\/elvonelectric\/","article_modified_time":"2025-07-31T07:31:25+00:00","og_image":[{"width":1024,"height":980,"url":"https:\/\/elvon.ro\/wp-content\/uploads\/2025\/07\/53702_HA-8-1024x980.png","type":"image\/png"}],"twitter_misc":{"Est. reading time":"3 minutes"},"schema":{"@context":"https:\/\/schema.org","@graph":[{"@type":"WebPage","@id":"https:\/\/elvon.ro\/tablou-distributie-abs-ip65\/","url":"https:\/\/elvon.ro\/tablou-distributie-abs-ip65\/","name":"Electrical distribution panels, ABS, IP65 - Elvon Electric","isPartOf":{"@id":"https:\/\/elvon.ro\/#website"},"primaryImageOfPage":{"@id":"https:\/\/elvon.ro\/tablou-distributie-abs-ip65\/#primaryimage"},"image":{"@id":"https:\/\/elvon.ro\/tablou-distributie-abs-ip65\/#primaryimage"},"thumbnailUrl":"https:\/\/elvon.ro\/wp-content\/uploads\/2025\/07\/53702_HA-8.png","datePublished":"2025-07-09T08:39:44+00:00","dateModified":"2025-07-31T07:31:25+00:00","description":"{:ro}Becuri LED, clasa energetica A+, lumina calda, neutra, receCorpuri LED iluminat industrial 3CCTCorpuri LED iluminat industrial 3CCTCorpuri LED iluminat industrial 3CCT interconectabile{:en}{:ro}Corpuri LED iluminat industrial 3CCT{:en}LED industrial lighting 3CCT{:}","breadcrumb":{"@id":"https:\/\/elvon.ro\/tablou-distributie-abs-ip65\/#breadcrumb"},"inLanguage":"en-US","potentialAction":[{"@type":"ReadAction","target":["https:\/\/elvon.ro\/tablou-distributie-abs-ip65\/"]}]},{"@type":"ImageObject","inLanguage":"en-US","@id":"https:\/\/elvon.ro\/tablou-distributie-abs-ip65\/#primaryimage","url":"https:\/\/elvon.ro\/wp-content\/uploads\/2025\/07\/53702_HA-8.png","contentUrl":"https:\/\/elvon.ro\/wp-content\/uploads\/2025\/07\/53702_HA-8.png","width":2560,"height":2450},{"@type":"BreadcrumbList","@id":"https:\/\/elvon.ro\/tablou-distributie-abs-ip65\/#breadcrumb","itemListElement":[{"@type":"ListItem","position":1,"name":"Home","item":"https:\/\/elvon.ro\/"},{"@type":"ListItem","position":2,"name":"[:ro]Tablouri electrice de distribu\u0163ie, ABS, IP65 [:en]Electrical distribution panels, ABS, IP65[:]"}]},{"@type":"WebSite","@id":"https:\/\/elvon.ro\/#website","url":"https:\/\/elvon.ro\/","name":"Elvon Electric","description":"te conecteaza la calitate","publisher":{"@id":"https:\/\/elvon.ro\/#organization"},"potentialAction":[{"@type":"SearchAction","target":{"@type":"EntryPoint","urlTemplate":"https:\/\/elvon.ro\/?s={search_term_string}"},"query-input":{"@type":"PropertyValueSpecification","valueRequired":true,"valueName":"search_term_string"}}],"inLanguage":"en-US"},{"@type":"Organization","@id":"https:\/\/elvon.ro\/#organization","name":"ELVON ELECTRIC","url":"https:\/\/elvon.ro\/","logo":{"@type":"ImageObject","inLanguage":"en-US","@id":"https:\/\/elvon.ro\/#\/schema\/logo\/image\/","url":"https:\/\/elvon.ro\/wp-content\/uploads\/2015\/09\/logo-motto.jpg","contentUrl":"https:\/\/elvon.ro\/wp-content\/uploads\/2015\/09\/logo-motto.jpg","width":714,"height":328,"caption":"ELVON ELECTRIC"},"image":{"@id":"https:\/\/elvon.ro\/#\/schema\/logo\/image\/"},"sameAs":["http:\/\/www.facebook.com\/elvonelectric\/"]}]}},"amp_enabled":true,"_links":{"self":[{"href":"https:\/\/elvon.ro\/en\/wp-json\/wp\/v2\/pages\/27323","targetHints":{"allow":["GET"]}}],"collection":[{"href":"https:\/\/elvon.ro\/en\/wp-json\/wp\/v2\/pages"}],"about":[{"href":"https:\/\/elvon.ro\/en\/wp-json\/wp\/v2\/types\/page"}],"author":[{"embeddable":true,"href":"https:\/\/elvon.ro\/en\/wp-json\/wp\/v2\/users\/2"}],"replies":[{"embeddable":true,"href":"https:\/\/elvon.ro\/en\/wp-json\/wp\/v2\/comments?post=27323"}],"version-history":[{"count":9,"href":"https:\/\/elvon.ro\/en\/wp-json\/wp\/v2\/pages\/27323\/revisions"}],"predecessor-version":[{"id":27378,"href":"https:\/\/elvon.ro\/en\/wp-json\/wp\/v2\/pages\/27323\/revisions\/27378"}],"wp:featuredmedia":[{"embeddable":true,"href":"https:\/\/elvon.ro\/en\/wp-json\/wp\/v2\/media\/27324"}],"wp:attachment":[{"href":"https:\/\/elvon.ro\/en\/wp-json\/wp\/v2\/media?parent=27323"}],"curies":[{"name":"wp","href":"https:\/\/api.w.org\/{rel}","templated":true}]}}