{"id":28321,"date":"2025-12-08T10:24:14","date_gmt":"2025-12-08T07:24:14","guid":{"rendered":"https:\/\/elvon.ro\/?page_id=28321"},"modified":"2025-12-08T10:48:42","modified_gmt":"2025-12-08T07:48:42","slug":"corp-led-fida-axel","status":"publish","type":"page","link":"https:\/\/elvon.ro\/en\/corp-led-fida-axel\/","title":{"rendered":"Fida LED lamp interconnectable &#8211; AXEL"},"content":{"rendered":"<div data-elementor-type=\"wp-post\" data-elementor-id=\"28321\" class=\"elementor elementor-28321\">\n\t\t\t\t\t\t<section class=\"elementor-section elementor-top-section elementor-element elementor-element-672e24b1 elementor-section-boxed elementor-section-height-default elementor-section-height-default\" data-id=\"672e24b1\" data-element_type=\"section\" data-e-type=\"section\">\n\t\t\t\t\t\t<div class=\"elementor-container elementor-column-gap-default\">\n\t\t\t\t\t<div class=\"elementor-column elementor-col-100 elementor-top-column elementor-element elementor-element-5101dc14\" data-id=\"5101dc14\" data-element_type=\"column\" data-e-type=\"column\">\n\t\t\t<div class=\"elementor-widget-wrap elementor-element-populated\">\n\t\t\t\t\t\t<div class=\"elementor-element elementor-element-508290ff elementor-widget elementor-widget-text-editor\" data-id=\"508290ff\" data-element_type=\"widget\" data-e-type=\"widget\" data-widget_type=\"text-editor.default\">\n\t\t\t\t<div class=\"elementor-widget-container\">\n\t\t\t\t\t\t\t\t\t<p>CORP LED AXEL 3CCT interconectabil<\/p>\t\t\t\t\t\t\t\t<\/div>\n\t\t\t\t<\/div>\n\t\t\t\t\t<\/div>\n\t\t<\/div>\n\t\t\t\t\t<\/div>\n\t\t<\/section>\n\t\t\t\t<section class=\"elementor-section elementor-top-section elementor-element elementor-element-5297dfb elementor-section-boxed elementor-section-height-default elementor-section-height-default\" data-id=\"5297dfb\" data-element_type=\"section\" data-e-type=\"section\">\n\t\t\t\t\t\t<div class=\"elementor-container elementor-column-gap-default\">\n\t\t\t\t\t<div class=\"elementor-column elementor-col-100 elementor-top-column elementor-element elementor-element-a4e8769\" data-id=\"a4e8769\" data-element_type=\"column\" data-e-type=\"column\">\n\t\t\t<div class=\"elementor-widget-wrap elementor-element-populated\">\n\t\t\t\t\t\t<div class=\"elementor-element elementor-element-331ba49 elementor-widget elementor-widget-image\" data-id=\"331ba49\" data-element_type=\"widget\" data-e-type=\"widget\" data-widget_type=\"image.default\">\n\t\t\t\t<div class=\"elementor-widget-container\">\n\t\t\t\t\t\t\t\t\t\t\t\t\t\t\t<img decoding=\"async\" width=\"768\" height=\"48\" src=\"https:\/\/elvon.ro\/wp-content\/uploads\/2025\/10\/20285-1906E-768x48.png\" class=\"attachment-medium_large size-medium_large wp-image-27608\" alt=\"\" srcset=\"https:\/\/elvon.ro\/wp-content\/uploads\/2025\/10\/20285-1906E-768x48.png 768w, https:\/\/elvon.ro\/wp-content\/uploads\/2025\/10\/20285-1906E-300x19.png 300w, https:\/\/elvon.ro\/wp-content\/uploads\/2025\/10\/20285-1906E-1024x64.png 1024w, https:\/\/elvon.ro\/wp-content\/uploads\/2025\/10\/20285-1906E-1536x95.png 1536w, https:\/\/elvon.ro\/wp-content\/uploads\/2025\/10\/20285-1906E-2048x127.png 2048w, https:\/\/elvon.ro\/wp-content\/uploads\/2025\/10\/20285-1906E-18x1.png 18w\" sizes=\"(max-width: 768px) 100vw, 768px\" \/>\t\t\t\t\t\t\t\t\t\t\t\t\t\t\t<\/div>\n\t\t\t\t<\/div>\n\t\t\t\t\t<\/div>\n\t\t<\/div>\n\t\t\t\t\t<\/div>\n\t\t<\/section>\n\t\t\t\t<section class=\"elementor-section elementor-top-section elementor-element elementor-element-1a35733 elementor-section-boxed elementor-section-height-default elementor-section-height-default\" data-id=\"1a35733\" data-element_type=\"section\" data-e-type=\"section\">\n\t\t\t\t\t\t<div class=\"elementor-container elementor-column-gap-default\">\n\t\t\t\t\t<div class=\"elementor-column elementor-col-100 elementor-top-column elementor-element elementor-element-fe46d0f\" data-id=\"fe46d0f\" data-element_type=\"column\" data-e-type=\"column\">\n\t\t\t<div class=\"elementor-widget-wrap elementor-element-populated\">\n\t\t\t\t\t\t<div class=\"elementor-element elementor-element-217f858 elementor-widget elementor-widget-heading\" data-id=\"217f858\" data-element_type=\"widget\" data-e-type=\"widget\" data-widget_type=\"heading.default\">\n\t\t\t\t<div class=\"elementor-widget-container\">\n\t\t\t\t\t<h2 class=\"elementor-heading-title elementor-size-default\">General description<\/h2>\t\t\t\t<\/div>\n\t\t\t\t<\/div>\n\t\t\t\t<div class=\"elementor-element elementor-element-4e44a72 elementor-widget elementor-widget-heading\" data-id=\"4e44a72\" data-element_type=\"widget\" data-e-type=\"widget\" data-widget_type=\"heading.default\">\n\t\t\t\t<div class=\"elementor-widget-container\">\n\t\t\t\t\t<h2 class=\"elementor-heading-title elementor-size-default\"><span style=\"font-family: Roboto, sans-serif;font-size: 18px;font-style: normal;font-weight: 400;text-align: center;text-transform: none\">Corp de iluminat Fida LED interconectabil 3CCT - AXEL<\/span><\/h2>\t\t\t\t<\/div>\n\t\t\t\t<\/div>\n\t\t\t\t<div class=\"elementor-element elementor-element-0e7d64a elementor-widget elementor-widget-text-editor\" data-id=\"0e7d64a\" data-element_type=\"widget\" data-e-type=\"widget\" data-widget_type=\"text-editor.default\">\n\t\t\t\t<div class=\"elementor-widget-container\">\n\t\t\t\t\t\t\t\t\t<p>Corpuri LED Fida interconectabile \u2013 3 temperaturi de culoare lumin\u0103 selectabile, IP40<\/p>\t\t\t\t\t\t\t\t<\/div>\n\t\t\t\t<\/div>\n\t\t\t\t\t<\/div>\n\t\t<\/div>\n\t\t\t\t\t<\/div>\n\t\t<\/section>\n\t\t\t\t<section class=\"elementor-section elementor-top-section elementor-element elementor-element-8627d8b elementor-section-boxed elementor-section-height-default elementor-section-height-default\" data-id=\"8627d8b\" data-element_type=\"section\" data-e-type=\"section\">\n\t\t\t\t\t\t<div class=\"elementor-container elementor-column-gap-default\">\n\t\t\t\t\t<div class=\"elementor-column elementor-col-50 elementor-top-column elementor-element elementor-element-a0301d6\" data-id=\"a0301d6\" data-element_type=\"column\" data-e-type=\"column\">\n\t\t\t<div class=\"elementor-widget-wrap elementor-element-populated\">\n\t\t\t\t\t\t<div class=\"elementor-element elementor-element-b4d13c7 elementor-widget elementor-widget-image\" data-id=\"b4d13c7\" data-element_type=\"widget\" data-e-type=\"widget\" data-widget_type=\"image.default\">\n\t\t\t\t<div class=\"elementor-widget-container\">\n\t\t\t\t\t\t\t\t\t\t\t\t\t\t\t<img fetchpriority=\"high\" decoding=\"async\" width=\"768\" height=\"236\" src=\"https:\/\/elvon.ro\/wp-content\/uploads\/2025\/10\/20289-768x236.png\" class=\"attachment-medium_large size-medium_large wp-image-27609\" alt=\"\" srcset=\"https:\/\/elvon.ro\/wp-content\/uploads\/2025\/10\/20289-768x236.png 768w, https:\/\/elvon.ro\/wp-content\/uploads\/2025\/10\/20289-300x92.png 300w, https:\/\/elvon.ro\/wp-content\/uploads\/2025\/10\/20289-1024x314.png 1024w, https:\/\/elvon.ro\/wp-content\/uploads\/2025\/10\/20289-1536x471.png 1536w, https:\/\/elvon.ro\/wp-content\/uploads\/2025\/10\/20289-2048x628.png 2048w, https:\/\/elvon.ro\/wp-content\/uploads\/2025\/10\/20289-18x6.png 18w\" sizes=\"(max-width: 768px) 100vw, 768px\" \/>\t\t\t\t\t\t\t\t\t\t\t\t\t\t\t<\/div>\n\t\t\t\t<\/div>\n\t\t\t\t\t<\/div>\n\t\t<\/div>\n\t\t\t\t<div class=\"elementor-column elementor-col-50 elementor-top-column elementor-element elementor-element-341d1b8\" data-id=\"341d1b8\" data-element_type=\"column\" data-e-type=\"column\">\n\t\t\t<div class=\"elementor-widget-wrap elementor-element-populated\">\n\t\t\t\t\t\t<div class=\"elementor-element elementor-element-f40bdd2 elementor-widget elementor-widget-heading\" data-id=\"f40bdd2\" data-element_type=\"widget\" data-e-type=\"widget\" data-widget_type=\"heading.default\">\n\t\t\t\t<div class=\"elementor-widget-container\">\n\t\t\t\t\t<h2 class=\"elementor-heading-title elementor-size-default\">APLICA LED ALB NORRA<\/h2>\t\t\t\t<\/div>\n\t\t\t\t<\/div>\n\t\t\t\t<div class=\"elementor-element elementor-element-bbe1b0f elementor-tabs-view-horizontal elementor-widget elementor-widget-tabs\" data-id=\"bbe1b0f\" data-element_type=\"widget\" data-e-type=\"widget\" data-widget_type=\"tabs.default\">\n\t\t\t\t<div class=\"elementor-widget-container\">\n\t\t\t\t\t\t\t<div class=\"elementor-tabs\">\n\t\t\t<div class=\"elementor-tabs-wrapper\" role=\"tablist\" >\n\t\t\t\t\t\t\t\t\t<div id=\"elementor-tab-title-1971\" class=\"elementor-tab-title elementor-tab-desktop-title\" aria-selected=\"true\" data-tab=\"1\" role=\"tab\" tabindex=\"0\" aria-controls=\"elementor-tab-content-1971\" aria-expanded=\"false\">Parametri tehnici<\/div>\n\t\t\t\t\t\t\t\t\t<div id=\"elementor-tab-title-1972\" class=\"elementor-tab-title elementor-tab-desktop-title\" aria-selected=\"false\" data-tab=\"2\" role=\"tab\" tabindex=\"-1\" aria-controls=\"elementor-tab-content-1972\" aria-expanded=\"false\">Fi\u015f\u0103 tehnic\u0103<\/div>\n\t\t\t\t\t\t\t<\/div>\n\t\t\t<div class=\"elementor-tabs-content-wrapper\" role=\"tablist\" aria-orientation=\"vertical\">\n\t\t\t\t\t\t\t\t\t<div class=\"elementor-tab-title elementor-tab-mobile-title\" aria-selected=\"true\" data-tab=\"1\" role=\"tab\" tabindex=\"0\" aria-controls=\"elementor-tab-content-1971\" aria-expanded=\"false\">Parametri tehnici<\/div>\n\t\t\t\t\t<div id=\"elementor-tab-content-1971\" class=\"elementor-tab-content elementor-clearfix\" data-tab=\"1\" role=\"tabpanel\" aria-labelledby=\"elementor-tab-title-1971\" tabindex=\"0\" hidden=\"false\"><ul><li>Putere: 18W \/ 36W<\/li><li>Temperatur\u0103 de lumin\u0103: 3000K \/ 4200K \/ 6500K<\/li><li>Eficien\u0163\u0103 flux luminos: 100Lm\/W<\/li><li>Tensiune nominal\u0103: 180 ~ 250VAC<\/li><li>Light angle: 120\u00b0<\/li><li>Clas\u0103 energetic\u0103: F<\/li><li>Durat\u0103 de via\u0163\u0103: 25000 de ore<\/li><li>Material: PC<\/li><li>Mounting: on surface<\/li><li>Maxim corpuri legate \u00een serie: 10<\/li><li>Grad protec\u0163ie praf\/ap\u0103: IP40<\/li><\/ul><\/div>\n\t\t\t\t\t\t\t\t\t<div class=\"elementor-tab-title elementor-tab-mobile-title\" aria-selected=\"false\" data-tab=\"2\" role=\"tab\" tabindex=\"-1\" aria-controls=\"elementor-tab-content-1972\" aria-expanded=\"false\">Fi\u015f\u0103 tehnic\u0103<\/div>\n\t\t\t\t\t<div id=\"elementor-tab-content-1972\" class=\"elementor-tab-content elementor-clearfix\" data-tab=\"2\" role=\"tabpanel\" aria-labelledby=\"elementor-tab-title-1972\" tabindex=\"0\" hidden=\"hidden\"><p><a href=\"https:\/\/elvon.ro\/wp-content\/uploads\/2025\/10\/FT-corp-LED-Fida-interconectabil-Axel.pdf\">Fi\u015f\u0103 tehnic\u0103 &#8211; Corp LED Fida interconectabil 3CCT &#8211; AXEL<\/a><\/p><\/div>\n\t\t\t\t\t\t\t<\/div>\n\t\t<\/div>\n\t\t\t\t\t\t<\/div>\n\t\t\t\t<\/div>\n\t\t\t\t\t<\/div>\n\t\t<\/div>\n\t\t\t\t\t<\/div>\n\t\t<\/section>\n\t\t\t\t<section class=\"elementor-section elementor-top-section elementor-element elementor-element-f1ec7e7 elementor-section-boxed elementor-section-height-default elementor-section-height-default\" data-id=\"f1ec7e7\" data-element_type=\"section\" data-e-type=\"section\">\n\t\t\t\t\t\t<div class=\"elementor-container elementor-column-gap-default\">\n\t\t\t\t\t<div class=\"elementor-column elementor-col-100 elementor-top-column elementor-element elementor-element-74c957a\" data-id=\"74c957a\" data-element_type=\"column\" data-e-type=\"column\">\n\t\t\t<div class=\"elementor-widget-wrap\">\n\t\t\t\t\t\t\t<\/div>\n\t\t<\/div>\n\t\t\t\t\t<\/div>\n\t\t<\/section>\n\t\t\t\t<section class=\"elementor-section elementor-top-section elementor-element elementor-element-03419dc elementor-section-boxed elementor-section-height-default elementor-section-height-default\" data-id=\"03419dc\" data-element_type=\"section\" data-e-type=\"section\">\n\t\t\t\t\t\t<div class=\"elementor-container elementor-column-gap-default\">\n\t\t\t\t\t<div class=\"elementor-column elementor-col-100 elementor-top-column elementor-element elementor-element-09e1554\" data-id=\"09e1554\" data-element_type=\"column\" data-e-type=\"column\">\n\t\t\t<div class=\"elementor-widget-wrap elementor-element-populated\">\n\t\t\t\t\t\t<div class=\"elementor-element elementor-element-2270525 elementor-widget elementor-widget-html\" data-id=\"2270525\" data-element_type=\"widget\" data-e-type=\"widget\" data-widget_type=\"html.default\">\n\t\t\t\t<div class=\"elementor-widget-container\">\n\t\t\t\t\t<html>\n    <head>\n        <style>\n            #produse {\n                font-family: Tahoma, Verdana;\n                border-collapse: collapse;\n                width: 100%;\n            }\n            #produse td, #produse th {\n                border: 1px solid #DDDDDD;\n                padding: 6px;\n            }\n            #produse tr:nth-child(even){background-color: #DEDEDE;}\n            #produse tr:hover {background-color: #E4F1F2;}\n            #produse th {\n                padding-top:5px;\n                padding-bottom: 5px;\n                font-family: Tahoma;\n                font-size: 15px;\n                font-weight: 300;\n                text-align: center;\n                background-color: #BCDEE0;\n                color: black;\n            }\n            #produse td {\n                color: #666666;\n                font-size: 14px;\n                text-align: center;\n            }\n        <\/style>\n    <\/head>\n    <body>\n        <table id=\"produse\">\n            <tr>\n                <th>Elvon code<\/th>\n                <th style=\"text-align:left\">Product name<\/th>\n                <th>Power<\/th>\n                <th>Dimensiuni<\/th>\n            <\/tr>\n            <tr>\n                <td>20285<\/td>\n                <td style=\"text-align:left\">CORP ILUMINAT FIDA INTERCONECTABIL AXEL ALB 3CCT 590 mm 18W<\/td>\n                <td>18W<\/td>\n                <td>590 \u00d7 60 \u00d7 36mm<\/td>\n            <\/tr>\n            <tr>\n                <td>20289<\/td>\n                <td style=\"text-align:left\">CORP ILUMINAT FIDA INTERCONECTABIL AXEL ALB 3CCT 1190 mm 36W<\/td>\n                <td>36W<\/td>\n                <td>1190 \u00d7 60 \u00d7 36mm<\/td>\n            <\/tr>\n        <\/table>\n    <\/body>\n<\/html>\t\t\t\t<\/div>\n\t\t\t\t<\/div>\n\t\t\t\t\t<\/div>\n\t\t<\/div>\n\t\t\t\t\t<\/div>\n\t\t<\/section>\n\t\t\t\t<\/div>","protected":false},"excerpt":{"rendered":"<p>Tabloul electric este destinat echip\u0103rii cu aparate electrice de curent alternativ,<br \/>\ncu frecven\u0163a de 50Hz\/60Hz, cu o tensiune de func\u0163ionare nominal\u0103 de p\u00e2n\u0103 la<br \/>\n400V \u015fi curent nominal de p\u00e2n\u0103 la 63A. Cu montaj standard pe \u015fin\u0103 DIN 35mm<br \/>\nce asigur\u0103 distribu\u021bia, protec\u021bia \u0219i controlul circuitelor electrice.<\/p>","protected":false},"author":2,"featured_media":27354,"parent":0,"menu_order":0,"comment_status":"closed","ping_status":"closed","template":"","meta":{"_acf_changed":false,"footnotes":"","_links_to":"","_links_to_target":""},"class_list":["post-28321","page","type-page","status-publish","has-post-thumbnail","hentry"],"acf":[],"yoast_head":"<!-- This site is optimized with the Yoast SEO plugin v27.4 - https:\/\/yoast.com\/product\/yoast-seo-wordpress\/ -->\n<title>Fida LED lamp interconnectable - AXEL - Elvon Electric<\/title>\n<meta name=\"description\" content=\"Fida LED lamp interconnectable - AXEL\" \/>\n<meta name=\"robots\" content=\"index, follow, max-snippet:-1, max-image-preview:large, max-video-preview:-1\" \/>\n<link rel=\"canonical\" href=\"https:\/\/elvon.ro\/en\/corp-led-fida-axel\/\" \/>\n<meta property=\"og:locale\" content=\"en_US\" \/>\n<meta property=\"og:type\" content=\"article\" \/>\n<meta property=\"og:title\" content=\"Fida LED lamp interconnectable - AXEL - Elvon Electric\" \/>\n<meta property=\"og:description\" content=\"{:ro}Aplica LED putere selectabila 10W\/15W\/20W, 5CCT, IP54Aplica LED NORRA IP65 3CCT {:en}{:ro}Corp LED Fida interconectabil - AXEL{:en}Fida LED lamp interconnectable - AXEL{:}\" \/>\n<meta property=\"og:url\" content=\"https:\/\/elvon.ro\/en\/corp-led-fida-axel\/\" \/>\n<meta property=\"og:site_name\" content=\"Elvon Electric\" \/>\n<meta property=\"article:publisher\" content=\"http:\/\/www.facebook.com\/elvonelectric\/\" \/>\n<meta property=\"article:modified_time\" content=\"2025-12-08T07:48:42+00:00\" \/>\n<meta property=\"og:image\" content=\"https:\/\/elvon.ro\/wp-content\/uploads\/2025\/07\/20702_3CCT-6500K_light-on.png\" \/>\n\t<meta property=\"og:image:width\" content=\"2560\" \/>\n\t<meta property=\"og:image:height\" content=\"1381\" \/>\n\t<meta property=\"og:image:type\" content=\"image\/png\" \/>\n<meta name=\"twitter:label1\" content=\"Est. reading time\" \/>\n\t<meta name=\"twitter:data1\" content=\"2 minutes\" \/>\n<script type=\"application\/ld+json\" class=\"yoast-schema-graph\">{\"@context\":\"https:\\\/\\\/schema.org\",\"@graph\":[{\"@type\":\"WebPage\",\"@id\":\"https:\\\/\\\/elvon.ro\\\/corp-led-fida-axel\\\/\",\"url\":\"https:\\\/\\\/elvon.ro\\\/corp-led-fida-axel\\\/\",\"name\":\"Fida LED lamp interconnectable - AXEL - Elvon Electric\",\"isPartOf\":{\"@id\":\"https:\\\/\\\/elvon.ro\\\/#website\"},\"primaryImageOfPage\":{\"@id\":\"https:\\\/\\\/elvon.ro\\\/corp-led-fida-axel\\\/#primaryimage\"},\"image\":{\"@id\":\"https:\\\/\\\/elvon.ro\\\/corp-led-fida-axel\\\/#primaryimage\"},\"thumbnailUrl\":\"https:\\\/\\\/elvon.ro\\\/wp-content\\\/uploads\\\/2025\\\/07\\\/20702_3CCT-6500K_light-on.png\",\"datePublished\":\"2025-12-08T07:24:14+00:00\",\"dateModified\":\"2025-12-08T07:48:42+00:00\",\"description\":\"{:ro}Aplica LED putere selectabila 10W\\\/15W\\\/20W, 5CCT, IP54Aplica LED NORRA IP65 3CCT {:en}{:ro}Corp LED Fida interconectabil - AXEL{:en}Fida LED lamp interconnectable - AXEL{:}\",\"breadcrumb\":{\"@id\":\"https:\\\/\\\/elvon.ro\\\/corp-led-fida-axel\\\/#breadcrumb\"},\"inLanguage\":\"en-US\",\"potentialAction\":[{\"@type\":\"ReadAction\",\"target\":[\"https:\\\/\\\/elvon.ro\\\/corp-led-fida-axel\\\/\"]}]},{\"@type\":\"ImageObject\",\"inLanguage\":\"en-US\",\"@id\":\"https:\\\/\\\/elvon.ro\\\/corp-led-fida-axel\\\/#primaryimage\",\"url\":\"https:\\\/\\\/elvon.ro\\\/wp-content\\\/uploads\\\/2025\\\/07\\\/20702_3CCT-6500K_light-on.png\",\"contentUrl\":\"https:\\\/\\\/elvon.ro\\\/wp-content\\\/uploads\\\/2025\\\/07\\\/20702_3CCT-6500K_light-on.png\",\"width\":2560,\"height\":1381},{\"@type\":\"BreadcrumbList\",\"@id\":\"https:\\\/\\\/elvon.ro\\\/corp-led-fida-axel\\\/#breadcrumb\",\"itemListElement\":[{\"@type\":\"ListItem\",\"position\":1,\"name\":\"Home\",\"item\":\"https:\\\/\\\/elvon.ro\\\/\"},{\"@type\":\"ListItem\",\"position\":2,\"name\":\"[:ro]Corp LED FIDA interconectabil &#8211; AXEL [:en]Fida LED lamp interconnectable &#8211; AXEL [:]\"}]},{\"@type\":\"WebSite\",\"@id\":\"https:\\\/\\\/elvon.ro\\\/#website\",\"url\":\"https:\\\/\\\/elvon.ro\\\/\",\"name\":\"Elvon Electric\",\"description\":\"te conecteaza la calitate\",\"publisher\":{\"@id\":\"https:\\\/\\\/elvon.ro\\\/#organization\"},\"potentialAction\":[{\"@type\":\"SearchAction\",\"target\":{\"@type\":\"EntryPoint\",\"urlTemplate\":\"https:\\\/\\\/elvon.ro\\\/?s={search_term_string}\"},\"query-input\":{\"@type\":\"PropertyValueSpecification\",\"valueRequired\":true,\"valueName\":\"search_term_string\"}}],\"inLanguage\":\"en-US\"},{\"@type\":\"Organization\",\"@id\":\"https:\\\/\\\/elvon.ro\\\/#organization\",\"name\":\"ELVON ELECTRIC\",\"url\":\"https:\\\/\\\/elvon.ro\\\/\",\"logo\":{\"@type\":\"ImageObject\",\"inLanguage\":\"en-US\",\"@id\":\"https:\\\/\\\/elvon.ro\\\/#\\\/schema\\\/logo\\\/image\\\/\",\"url\":\"https:\\\/\\\/elvon.ro\\\/wp-content\\\/uploads\\\/2015\\\/09\\\/logo-motto.jpg\",\"contentUrl\":\"https:\\\/\\\/elvon.ro\\\/wp-content\\\/uploads\\\/2015\\\/09\\\/logo-motto.jpg\",\"width\":714,\"height\":328,\"caption\":\"ELVON ELECTRIC\"},\"image\":{\"@id\":\"https:\\\/\\\/elvon.ro\\\/#\\\/schema\\\/logo\\\/image\\\/\"},\"sameAs\":[\"http:\\\/\\\/www.facebook.com\\\/elvonelectric\\\/\"]}]}<\/script>\n<!-- \/ Yoast SEO plugin. -->","yoast_head_json":{"title":"Fida LED lamp interconnectable - AXEL - Elvon Electric","description":"Fida LED lamp interconnectable - AXEL","robots":{"index":"index","follow":"follow","max-snippet":"max-snippet:-1","max-image-preview":"max-image-preview:large","max-video-preview":"max-video-preview:-1"},"canonical":"https:\/\/elvon.ro\/en\/corp-led-fida-axel\/","og_locale":"en_US","og_type":"article","og_title":"Fida LED lamp interconnectable - AXEL - Elvon Electric","og_description":"{:ro}Aplica LED putere selectabila 10W\/15W\/20W, 5CCT, IP54Aplica LED NORRA IP65 3CCT {:en}{:ro}Corp LED Fida interconectabil - AXEL{:en}Fida LED lamp interconnectable - AXEL{:}","og_url":"https:\/\/elvon.ro\/en\/corp-led-fida-axel\/","og_site_name":"Elvon Electric","article_publisher":"http:\/\/www.facebook.com\/elvonelectric\/","article_modified_time":"2025-12-08T07:48:42+00:00","og_image":[{"width":2560,"height":1381,"url":"https:\/\/elvon.ro\/wp-content\/uploads\/2025\/07\/20702_3CCT-6500K_light-on.png","type":"image\/png"}],"twitter_misc":{"Est. reading time":"2 minutes"},"schema":{"@context":"https:\/\/schema.org","@graph":[{"@type":"WebPage","@id":"https:\/\/elvon.ro\/corp-led-fida-axel\/","url":"https:\/\/elvon.ro\/corp-led-fida-axel\/","name":"Fida LED lamp interconnectable - AXEL - Elvon Electric","isPartOf":{"@id":"https:\/\/elvon.ro\/#website"},"primaryImageOfPage":{"@id":"https:\/\/elvon.ro\/corp-led-fida-axel\/#primaryimage"},"image":{"@id":"https:\/\/elvon.ro\/corp-led-fida-axel\/#primaryimage"},"thumbnailUrl":"https:\/\/elvon.ro\/wp-content\/uploads\/2025\/07\/20702_3CCT-6500K_light-on.png","datePublished":"2025-12-08T07:24:14+00:00","dateModified":"2025-12-08T07:48:42+00:00","description":"{:ro}Aplica LED putere selectabila 10W\/15W\/20W, 5CCT, IP54Aplica LED NORRA IP65 3CCT {:en}{:ro}Corp LED Fida interconectabil - AXEL{:en}Fida LED lamp interconnectable - AXEL{:}","breadcrumb":{"@id":"https:\/\/elvon.ro\/corp-led-fida-axel\/#breadcrumb"},"inLanguage":"en-US","potentialAction":[{"@type":"ReadAction","target":["https:\/\/elvon.ro\/corp-led-fida-axel\/"]}]},{"@type":"ImageObject","inLanguage":"en-US","@id":"https:\/\/elvon.ro\/corp-led-fida-axel\/#primaryimage","url":"https:\/\/elvon.ro\/wp-content\/uploads\/2025\/07\/20702_3CCT-6500K_light-on.png","contentUrl":"https:\/\/elvon.ro\/wp-content\/uploads\/2025\/07\/20702_3CCT-6500K_light-on.png","width":2560,"height":1381},{"@type":"BreadcrumbList","@id":"https:\/\/elvon.ro\/corp-led-fida-axel\/#breadcrumb","itemListElement":[{"@type":"ListItem","position":1,"name":"Home","item":"https:\/\/elvon.ro\/"},{"@type":"ListItem","position":2,"name":"[:ro]Corp LED FIDA interconectabil &#8211; AXEL [:en]Fida LED lamp interconnectable &#8211; AXEL [:]"}]},{"@type":"WebSite","@id":"https:\/\/elvon.ro\/#website","url":"https:\/\/elvon.ro\/","name":"Elvon Electric","description":"te conecteaza la calitate","publisher":{"@id":"https:\/\/elvon.ro\/#organization"},"potentialAction":[{"@type":"SearchAction","target":{"@type":"EntryPoint","urlTemplate":"https:\/\/elvon.ro\/?s={search_term_string}"},"query-input":{"@type":"PropertyValueSpecification","valueRequired":true,"valueName":"search_term_string"}}],"inLanguage":"en-US"},{"@type":"Organization","@id":"https:\/\/elvon.ro\/#organization","name":"ELVON ELECTRIC","url":"https:\/\/elvon.ro\/","logo":{"@type":"ImageObject","inLanguage":"en-US","@id":"https:\/\/elvon.ro\/#\/schema\/logo\/image\/","url":"https:\/\/elvon.ro\/wp-content\/uploads\/2015\/09\/logo-motto.jpg","contentUrl":"https:\/\/elvon.ro\/wp-content\/uploads\/2015\/09\/logo-motto.jpg","width":714,"height":328,"caption":"ELVON ELECTRIC"},"image":{"@id":"https:\/\/elvon.ro\/#\/schema\/logo\/image\/"},"sameAs":["http:\/\/www.facebook.com\/elvonelectric\/"]}]}},"amp_enabled":true,"_links":{"self":[{"href":"https:\/\/elvon.ro\/en\/wp-json\/wp\/v2\/pages\/28321","targetHints":{"allow":["GET"]}}],"collection":[{"href":"https:\/\/elvon.ro\/en\/wp-json\/wp\/v2\/pages"}],"about":[{"href":"https:\/\/elvon.ro\/en\/wp-json\/wp\/v2\/types\/page"}],"author":[{"embeddable":true,"href":"https:\/\/elvon.ro\/en\/wp-json\/wp\/v2\/users\/2"}],"replies":[{"embeddable":true,"href":"https:\/\/elvon.ro\/en\/wp-json\/wp\/v2\/comments?post=28321"}],"version-history":[{"count":8,"href":"https:\/\/elvon.ro\/en\/wp-json\/wp\/v2\/pages\/28321\/revisions"}],"predecessor-version":[{"id":28336,"href":"https:\/\/elvon.ro\/en\/wp-json\/wp\/v2\/pages\/28321\/revisions\/28336"}],"wp:featuredmedia":[{"embeddable":true,"href":"https:\/\/elvon.ro\/en\/wp-json\/wp\/v2\/media\/27354"}],"wp:attachment":[{"href":"https:\/\/elvon.ro\/en\/wp-json\/wp\/v2\/media?parent=28321"}],"curies":[{"name":"wp","href":"https:\/\/api.w.org\/{rel}","templated":true}]}}